{"id":435,"date":"2024-10-28T06:57:12","date_gmt":"2024-10-28T06:57:12","guid":{"rendered":"https:\/\/fontanero24h-odonnell.com\/?page_id=435"},"modified":"2024-10-28T07:12:09","modified_gmt":"2024-10-28T07:12:09","slug":"politicas-de-cookies","status":"publish","type":"page","link":"https:\/\/fontanero24h-odonnell.com\/index.php\/politicas-de-cookies\/","title":{"rendered":"Pol\u00edticas de Cookies"},"content":{"rendered":"\t\t<div data-elementor-type=\"wp-page\" data-elementor-id=\"435\" class=\"elementor elementor-435\" data-elementor-post-type=\"page\">\n\t\t\t\t<div class=\"elementor-element elementor-element-dcb61fb e-flex e-con-boxed e-con e-parent\" data-id=\"dcb61fb\" data-element_type=\"container\">\n\t\t\t\t\t<div class=\"e-con-inner\">\n\t\t\t\t<div class=\"elementor-element elementor-element-55ad40d elementor-widget elementor-widget-text-editor\" data-id=\"55ad40d\" data-element_type=\"widget\" data-widget_type=\"text-editor.default\">\n\t\t\t\t<div class=\"elementor-widget-container\">\n\t\t\t\t\t\t\t<p><!-- wp:heading --><\/p><h4 class=\"p1\"><b>Definici\u00f3n y funci\u00f3n de las cookies<\/b><\/h4><p class=\"p1\">De conformidad con lo establecido en la Ley 34\/2002 de Servicios de la Sociedad de la Informaci\u00f3n y Comercio Electr\u00f3nico, te informamos que este sitio web almacena informaci\u00f3n de las direcciones IP de los ordenadores, y utiliza Cookies con el objetivo de prestar un mejor servicio y ofrecerte una mejor experiencia en su navegaci\u00f3n.<\/p><p class=\"p1\">Las Cookies son peque\u00f1os archivos de texto que contienen informaci\u00f3n, y que se generan en el ordenador o terminal del Usuario cuando navega por el sitio web. Con la navegaci\u00f3n en esta web, entendemos que prestas tu consentimiento para recibir dichas Cookies. Por medio de ellas este sitio web s\u00f3lo obtiene y conserva la informaci\u00f3n bajo las condiciones descritas en la presente Pol\u00edtica de cookies.<\/p><h4 class=\"p1\"><b>\u00bfQu\u00e9 tipos de cookies utilizamos?<\/b><\/h4><p class=\"p1\">Cookies de sesi\u00f3n: son un tipo de cookies dise\u00f1adas para recabar y almacenar datos mientras accedes a nuestra web, y permanecen en el archivo de cookies de tu navegador hasta que abandonas la p\u00e1gina. Un ejemplo son las cookies de identificaci\u00f3n.<\/p><p class=\"p1\">Cookies persistentes: son un tipo de cookies en el que los datos siguen almacenados en el terminal y pueden ser accedidos y tratados durante un periodo determinado de tiempo.<\/p><p class=\"p1\">Cookies propias: son aquellas que enviamos a tu ordenador o terminal desde nuestra p\u00e1gina web.<\/p><p class=\"p1\">Cookies de terceros: son aquellas que se env\u00edan a tu ordenador o terminal desde un dominio o una p\u00e1gina web que no es gestionada por nosotros, sino por una entidad colaboradora (por ejemplo, las usadas por Google, quien instala cookies que nos ayudan a analizar el funcionamiento de nuestro sitio web y mejorar la efectividad de nuestras campa\u00f1as de marketing).<\/p><p class=\"p1\">Cookies t\u00e9cnicas: son aquellas necesarias para la navegaci\u00f3n y el buen funcionamiento de nuestra web. Por ejemplo, permiten realizar el proceso de compra, controlar los aspectos de seguridad de la web, compartir contenidos a trav\u00e9s de redes sociales, etc.<\/p><p class=\"p1\">Cookies de an\u00e1lisis: son aquellas que, bien tratadas por nosotros o por terceros, nos permiten cuantificar el n\u00famero de usuarios y realizar la medici\u00f3n y an\u00e1lisis estad\u00edstico de la utilizaci\u00f3n que hacen los usuarios de nuestra web. Para ello analizamos la navegaci\u00f3n en nuestra p\u00e1gina web con el fin de mejorar la oferta de productos o servicios que ofrecemos.<\/p><p class=\"p1\">Cookies publicitarias y de publicidad comportamental: las cookies publicitarias son aquellas que permiten la gesti\u00f3n, de la forma m\u00e1s eficaz posible, de los espacios publicitarios que se pudieran incluir en nuestra p\u00e1gina web en base a criterios como el contenido editado o la frecuencia en la que se muestran los anuncios. Las Cookies de publicidad comportamental act\u00faan en funci\u00f3n del comportamiento (preferencias y elecciones personales) de los usuarios obtenidos a trav\u00e9s de la observaci\u00f3n continuada de sus h\u00e1bitos de navegaci\u00f3n, lo que permite desarrollar un perfil espec\u00edfico para mostrarte anuncios personalizados en otros sitios web.<\/p><h4 class=\"p1\"><b>\u00bfC\u00f3mo puedo configurar o deshabilitar las cookies?<\/b><\/h4><p class=\"p1\">Puedes configurar tu navegador para ser avisado de la recepci\u00f3n de cookies y negarte a aceptarlas activando la configuraci\u00f3n en el navegador que permite rechazarlas. No obstante, te advertimos que la desactivaci\u00f3n de las Cookies puede provocar la limitaci\u00f3n, o incluso imposibilidad de acceder a algunas de las funcionalidades de nuestra web. Tambi\u00e9n es posible que algunos de los servicios dejen de funcionar correctamente.<\/p><p class=\"p1\">A continuaci\u00f3n, te explicamos c\u00f3mo puedes desactivar el uso de cookies en los principales navegadores del mercado:<\/p><p class=\"p1\">Google Chrome: men\u00fa \u201cPersonaliza y controla Google Chrome\u201d y hacer clic en el link \u201cMostrar opciones avanzadas\u201d. A continuaci\u00f3n, clicar en la opci\u00f3n \u201cConfiguraci\u00f3n de contenido\u201d donde aparecer\u00e1n opciones disponibles para las cookies.<\/p><p class=\"p1\">Firefox: men\u00fa \u201cHerramientas\u201d, hacer clic en \u201cOpciones\u201d y despu\u00e9s clicar en la pesta\u00f1a \u201cPrivacidad\u201d, donde aparecer\u00e1n las opciones disponibles en relaci\u00f3n a las cookies. Internet Explorer: men\u00fa \u201cHerramientas\u201d, clicar en la opci\u00f3n \u201cOpciones de internet\u201d y, en el men\u00fa emergente, seguir a la pesta\u00f1a de \u201cSeguridad\u201d. Aqu\u00ed podr\u00e1 seleccionarse alguno de los niveles de seguridad pre-establecidos o personalizar el propio.<\/p><p class=\"p1\">AndroidChrome: accede al men\u00fa \u201cAjustes\u201d, hacer clic en la opci\u00f3n \u201cSeguridad y privacidad\u201d y aparecer\u00e1 un men\u00fa emergente donde podr\u00e1s seleccionar el uso o no de cookies.<\/p><p class=\"p1\">Para m\u00e1s detalle sobre la configuraci\u00f3n de las cookies en tu navegador, consulta el men\u00fa \u00abAyuda\u00bb del mismo. Tambi\u00e9n le proponemos consultar el sitio web Aboutcookies donde encontrar\u00e1 explicaciones detalladas sobre c\u00f3mo eliminar las cookies de su ordenador y m\u00e1s informaci\u00f3n general sobre las mismas.<\/p><h4 class=\"p1\"><b>Cookies de terceros \/ empresas colaboradoras<\/b><\/h4><p class=\"p1\">Google ofrece un gran n\u00famero de productos para ayudarnos a administrar nuestros anuncios y sitios web; entre los que se incluyen Google Analytics. Esta herramienta anal\u00edtica ayuda a nuestro sitio web a entender el modo en que los usuarios interact\u00faan con sus propiedades. Puede utilizar un conjunto de cookies para recopilar informaci\u00f3n e informar de las estad\u00edsticas de uso de los sitios web sin identificar personalmente a los visitantes de Google. \u00c9stas recopilan la informaci\u00f3n, incluida la direcci\u00f3n IP del usuario, que ser\u00e1 transmitida, tratada y almacenada por Google en los t\u00e9rminos fijados en la Web Google.com. Incluyendo la posible transmisi\u00f3n de dicha informaci\u00f3n a terceros por razones de exigencia legal o cuando dichos terceros procesen la informaci\u00f3n por cuenta de Google.<\/p><p class=\"p1\">Estas cookies pueden habilitarse desde una serie de dominios diferentes, incluidos google.com, y doubleclick.net para permitirnos usar servicios conjuntos al servicio de Google, como un servicio de medici\u00f3n y elaboraci\u00f3n de informes de anuncios. Consulte m\u00e1s informaci\u00f3n sobre los tipos de cookies que utiliza Google o sobre las cookies de Google Analytics.<\/p>\t\t\t\t\t\t<\/div>\n\t\t\t\t<\/div>\n\t\t\t\t\t<\/div>\n\t\t\t\t<\/div>\n\t\t\t\t<\/div>\n\t\t","protected":false},"excerpt":{"rendered":"<p>Definici\u00f3n y funci\u00f3n de las cookies De conformidad con lo establecido en la Ley 34\/2002 de Servicios de la Sociedad de la Informaci\u00f3n y Comercio Electr\u00f3nico, te informamos que este sitio web almacena informaci\u00f3n de las direcciones IP de los ordenadores, y utiliza Cookies con el objetivo de prestar un mejor servicio y ofrecerte una [&hellip;]<\/p>\n","protected":false},"author":1,"featured_media":0,"parent":0,"menu_order":0,"comment_status":"closed","ping_status":"closed","template":"","meta":{"footnotes":""},"class_list":["post-435","page","type-page","status-publish","hentry"],"yoast_head":"<!-- This site is optimized with the Yoast SEO plugin v23.7 - https:\/\/yoast.com\/wordpress\/plugins\/seo\/ -->\n<title>Pol\u00edticas de Cookies - Fontanero O&#039;Donnell<\/title>\n<meta name=\"robots\" content=\"noindex, nofollow\" \/>\n<meta property=\"og:locale\" content=\"es_ES\" \/>\n<meta property=\"og:type\" content=\"article\" \/>\n<meta property=\"og:title\" content=\"Pol\u00edticas de Cookies - Fontanero O&#039;Donnell\" \/>\n<meta property=\"og:description\" content=\"Definici\u00f3n y funci\u00f3n de las cookies De conformidad con lo establecido en la Ley 34\/2002 de Servicios de la Sociedad de la Informaci\u00f3n y Comercio Electr\u00f3nico, te informamos que este sitio web almacena informaci\u00f3n de las direcciones IP de los ordenadores, y utiliza Cookies con el objetivo de prestar un mejor servicio y ofrecerte una [&hellip;]\" \/>\n<meta property=\"og:url\" content=\"https:\/\/fontanero24h-odonnell.com\/index.php\/politicas-de-cookies\/\" \/>\n<meta property=\"og:site_name\" content=\"Fontanero O&#039;Donnell\" \/>\n<meta property=\"article:modified_time\" content=\"2024-10-28T07:12:09+00:00\" \/>\n<meta name=\"twitter:card\" content=\"summary_large_image\" \/>\n<meta name=\"twitter:label1\" content=\"Tiempo de lectura\" \/>\n\t<meta name=\"twitter:data1\" content=\"5 minutos\" \/>\n<script type=\"application\/ld+json\" class=\"yoast-schema-graph\">{\"@context\":\"https:\/\/schema.org\",\"@graph\":[{\"@type\":\"WebPage\",\"@id\":\"https:\/\/fontanero24h-odonnell.com\/index.php\/politicas-de-cookies\/\",\"url\":\"https:\/\/fontanero24h-odonnell.com\/index.php\/politicas-de-cookies\/\",\"name\":\"Pol\u00edticas de Cookies - Fontanero O&#039;Donnell\",\"isPartOf\":{\"@id\":\"https:\/\/fontanero24h-odonnell.com\/#website\"},\"datePublished\":\"2024-10-28T06:57:12+00:00\",\"dateModified\":\"2024-10-28T07:12:09+00:00\",\"breadcrumb\":{\"@id\":\"https:\/\/fontanero24h-odonnell.com\/index.php\/politicas-de-cookies\/#breadcrumb\"},\"inLanguage\":\"es\",\"potentialAction\":[{\"@type\":\"ReadAction\",\"target\":[\"https:\/\/fontanero24h-odonnell.com\/index.php\/politicas-de-cookies\/\"]}]},{\"@type\":\"BreadcrumbList\",\"@id\":\"https:\/\/fontanero24h-odonnell.com\/index.php\/politicas-de-cookies\/#breadcrumb\",\"itemListElement\":[{\"@type\":\"ListItem\",\"position\":1,\"name\":\"Portada\",\"item\":\"https:\/\/fontanero24h-odonnell.com\/\"},{\"@type\":\"ListItem\",\"position\":2,\"name\":\"Pol\u00edticas de Cookies\"}]},{\"@type\":\"WebSite\",\"@id\":\"https:\/\/fontanero24h-odonnell.com\/#website\",\"url\":\"https:\/\/fontanero24h-odonnell.com\/\",\"name\":\"Fontanero O&#039;Donnell\",\"description\":\"\",\"publisher\":{\"@id\":\"https:\/\/fontanero24h-odonnell.com\/#organization\"},\"potentialAction\":[{\"@type\":\"SearchAction\",\"target\":{\"@type\":\"EntryPoint\",\"urlTemplate\":\"https:\/\/fontanero24h-odonnell.com\/?s={search_term_string}\"},\"query-input\":{\"@type\":\"PropertyValueSpecification\",\"valueRequired\":true,\"valueName\":\"search_term_string\"}}],\"inLanguage\":\"es\"},{\"@type\":\"Organization\",\"@id\":\"https:\/\/fontanero24h-odonnell.com\/#organization\",\"name\":\"Fontanero O&#039;Donnell\",\"url\":\"https:\/\/fontanero24h-odonnell.com\/\",\"logo\":{\"@type\":\"ImageObject\",\"inLanguage\":\"es\",\"@id\":\"https:\/\/fontanero24h-odonnell.com\/#\/schema\/logo\/image\/\",\"url\":\"https:\/\/fontanero24h-odonnell.com\/wp-content\/uploads\/2024\/10\/cropped-fontanero24h-odonnell.png\",\"contentUrl\":\"https:\/\/fontanero24h-odonnell.com\/wp-content\/uploads\/2024\/10\/cropped-fontanero24h-odonnell.png\",\"width\":500,\"height\":172,\"caption\":\"Fontanero O&#039;Donnell\"},\"image\":{\"@id\":\"https:\/\/fontanero24h-odonnell.com\/#\/schema\/logo\/image\/\"}}]}<\/script>\n<!-- \/ Yoast SEO plugin. -->","yoast_head_json":{"title":"Pol\u00edticas de Cookies - Fontanero O&#039;Donnell","robots":{"index":"noindex","follow":"nofollow"},"og_locale":"es_ES","og_type":"article","og_title":"Pol\u00edticas de Cookies - Fontanero O&#039;Donnell","og_description":"Definici\u00f3n y funci\u00f3n de las cookies De conformidad con lo establecido en la Ley 34\/2002 de Servicios de la Sociedad de la Informaci\u00f3n y Comercio Electr\u00f3nico, te informamos que este sitio web almacena informaci\u00f3n de las direcciones IP de los ordenadores, y utiliza Cookies con el objetivo de prestar un mejor servicio y ofrecerte una [&hellip;]","og_url":"https:\/\/fontanero24h-odonnell.com\/index.php\/politicas-de-cookies\/","og_site_name":"Fontanero O&#039;Donnell","article_modified_time":"2024-10-28T07:12:09+00:00","twitter_card":"summary_large_image","twitter_misc":{"Tiempo de lectura":"5 minutos"},"schema":{"@context":"https:\/\/schema.org","@graph":[{"@type":"WebPage","@id":"https:\/\/fontanero24h-odonnell.com\/index.php\/politicas-de-cookies\/","url":"https:\/\/fontanero24h-odonnell.com\/index.php\/politicas-de-cookies\/","name":"Pol\u00edticas de Cookies - Fontanero O&#039;Donnell","isPartOf":{"@id":"https:\/\/fontanero24h-odonnell.com\/#website"},"datePublished":"2024-10-28T06:57:12+00:00","dateModified":"2024-10-28T07:12:09+00:00","breadcrumb":{"@id":"https:\/\/fontanero24h-odonnell.com\/index.php\/politicas-de-cookies\/#breadcrumb"},"inLanguage":"es","potentialAction":[{"@type":"ReadAction","target":["https:\/\/fontanero24h-odonnell.com\/index.php\/politicas-de-cookies\/"]}]},{"@type":"BreadcrumbList","@id":"https:\/\/fontanero24h-odonnell.com\/index.php\/politicas-de-cookies\/#breadcrumb","itemListElement":[{"@type":"ListItem","position":1,"name":"Portada","item":"https:\/\/fontanero24h-odonnell.com\/"},{"@type":"ListItem","position":2,"name":"Pol\u00edticas de Cookies"}]},{"@type":"WebSite","@id":"https:\/\/fontanero24h-odonnell.com\/#website","url":"https:\/\/fontanero24h-odonnell.com\/","name":"Fontanero O&#039;Donnell","description":"","publisher":{"@id":"https:\/\/fontanero24h-odonnell.com\/#organization"},"potentialAction":[{"@type":"SearchAction","target":{"@type":"EntryPoint","urlTemplate":"https:\/\/fontanero24h-odonnell.com\/?s={search_term_string}"},"query-input":{"@type":"PropertyValueSpecification","valueRequired":true,"valueName":"search_term_string"}}],"inLanguage":"es"},{"@type":"Organization","@id":"https:\/\/fontanero24h-odonnell.com\/#organization","name":"Fontanero O&#039;Donnell","url":"https:\/\/fontanero24h-odonnell.com\/","logo":{"@type":"ImageObject","inLanguage":"es","@id":"https:\/\/fontanero24h-odonnell.com\/#\/schema\/logo\/image\/","url":"https:\/\/fontanero24h-odonnell.com\/wp-content\/uploads\/2024\/10\/cropped-fontanero24h-odonnell.png","contentUrl":"https:\/\/fontanero24h-odonnell.com\/wp-content\/uploads\/2024\/10\/cropped-fontanero24h-odonnell.png","width":500,"height":172,"caption":"Fontanero O&#039;Donnell"},"image":{"@id":"https:\/\/fontanero24h-odonnell.com\/#\/schema\/logo\/image\/"}}]}},"_links":{"self":[{"href":"https:\/\/fontanero24h-odonnell.com\/index.php\/wp-json\/wp\/v2\/pages\/435","targetHints":{"allow":["GET"]}}],"collection":[{"href":"https:\/\/fontanero24h-odonnell.com\/index.php\/wp-json\/wp\/v2\/pages"}],"about":[{"href":"https:\/\/fontanero24h-odonnell.com\/index.php\/wp-json\/wp\/v2\/types\/page"}],"author":[{"embeddable":true,"href":"https:\/\/fontanero24h-odonnell.com\/index.php\/wp-json\/wp\/v2\/users\/1"}],"replies":[{"embeddable":true,"href":"https:\/\/fontanero24h-odonnell.com\/index.php\/wp-json\/wp\/v2\/comments?post=435"}],"version-history":[{"count":4,"href":"https:\/\/fontanero24h-odonnell.com\/index.php\/wp-json\/wp\/v2\/pages\/435\/revisions"}],"predecessor-version":[{"id":449,"href":"https:\/\/fontanero24h-odonnell.com\/index.php\/wp-json\/wp\/v2\/pages\/435\/revisions\/449"}],"wp:attachment":[{"href":"https:\/\/fontanero24h-odonnell.com\/index.php\/wp-json\/wp\/v2\/media?parent=435"}],"curies":[{"name":"wp","href":"https:\/\/api.w.org\/{rel}","templated":true}]}}