{"id":434,"date":"2024-10-28T06:56:57","date_gmt":"2024-10-28T06:56:57","guid":{"rendered":"https:\/\/fontanero24h-odonnell.com\/?page_id=434"},"modified":"2024-10-28T07:18:52","modified_gmt":"2024-10-28T07:18:52","slug":"politicas-de-privacidad","status":"publish","type":"page","link":"https:\/\/fontanero24h-odonnell.com\/index.php\/politicas-de-privacidad\/","title":{"rendered":"Pol\u00edticas de privacidad"},"content":{"rendered":"\t\t<div data-elementor-type=\"wp-page\" data-elementor-id=\"434\" class=\"elementor elementor-434\" data-elementor-post-type=\"page\">\n\t\t\t\t<div class=\"elementor-element elementor-element-3236716 e-flex e-con-boxed e-con e-parent\" data-id=\"3236716\" data-element_type=\"container\">\n\t\t\t\t\t<div class=\"e-con-inner\">\n\t\t\t\t<div class=\"elementor-element elementor-element-055388a elementor-widget elementor-widget-text-editor\" data-id=\"055388a\" data-element_type=\"widget\" data-widget_type=\"text-editor.default\">\n\t\t\t\t<div class=\"elementor-widget-container\">\n\t\t\t\t\t\t\t<p><!-- wp:heading --><\/p>\n<p>Antes de utilizar nuestros servicios o funcionalidades es importante que leas esta Pol\u00edtica as\u00ed como las condiciones espec\u00edficas que regulan cada servicio o funcionalidad.<\/p>\n<h4>Objeto de la pol\u00edtica de privacidad<\/h4>\n<p>La presente Pol\u00edtica de privacidad de <a href=\"https:\/\/fontanero24h-odonnell.com\">https:\/\/fontanero24h-odonnell.com<\/a> regula la obtenci\u00f3n, utilizaci\u00f3n y otras formas de procesamiento de datos personales facilitados u obtenidos con la autorizaci\u00f3n de los Usuarios y\/o Clientes en la presente web o en cualquiera otro entorno de la entidad, digital o f\u00edsico.<\/p>\n<p>Al introducir los datos en alguno o algunos de los formularios de captaci\u00f3n de datos ya sea de forma digital o f\u00edsica est\u00e1s aceptando sus condiciones de uso y la pol\u00edtica de privacidad, dando por entendido que has sido informado de las condiciones de uso y aviso legal de las mismas.<\/p>\n<p>Le informamos que cada vez que nos facilite sus datos o sea necesario que accedamos a informaci\u00f3n que pudiera identificarte, como tu nombre, apellidos, correo electr\u00f3nico, direcci\u00f3n postal, n\u00famero de tel\u00e9fono, etc; ya sea para navegar a trav\u00e9s de la web, comprar nuestros productos o hacer uso de nuestros servicios, estar\u00e1 bajo la aplicaci\u00f3n de esta Pol\u00edtica de Privacidad.<\/p>\n<p><a href=\"https:\/\/fontanero24h-odonnell.com\">https:\/\/fontanero24h-odonnell.com<\/a> informa a los usuarios que cumple con la vigente normativa de protecci\u00f3n de datos, y con car\u00e1cter especial, con el Reglamento (UE) 2016\/679 del Parlamento Europeo y del Consejo de 27 de abril de 2016 relativo a la protecci\u00f3n de las personas f\u00edsicas en lo que respecta al tratamiento de datos personales y a la libre circulaci\u00f3n de estos datos.<\/p>\n<p>Todos los textos legales se encuentran a disposici\u00f3n de los Usuarios y\/o Clientes en la correspondiente web. Es importante que los leas ya que resultar\u00e1n aplicables aquellos que se encuentren vigentes en el momento de uso de nuestros servicios.<\/p>\n<h4>\u00bfQui\u00e9n es responsable del tratamiento de sus datos?<\/h4>\n<p><a href=\"https:\/\/fontanero24h-odonnell.com\">https:\/\/fontanero24h-odonnell.com<\/a> es el responsable de la recogida y procesamiento de sus datos personales en relaci\u00f3n con los servicios que la misma presta. <a href=\"https:\/\/fontanero24h-odonnell.com\">https:\/\/fontanero24h-odonnell.com<\/a> se compromete a respetar y salvaguardar su privacidad y la seguridad de sus datos. Los datos identificativos del responsable de tratamiento son: <a href=\"https:\/\/fontanero24h-odonnell.com\">https:\/\/fontanero24h-odonnell.com<\/a>, con domicilio social en Calle O\u2019Donnell 12, 28009 Madrid.<\/p>\n<h4>\u00bfQu\u00e9 datos recogemos y de qu\u00e9 modo?<\/h4>\n<p>Dependiendo de c\u00f3mo interact\u00faes con <a href=\"https:\/\/fontanero24h-odonnell.com\">https:\/\/fontanero24h-odonnell.com<\/a> (a trav\u00e9s de la web o entornos digitales, e-mail o por tel\u00e9fono, etc.) recogemos varios tipos de datos sobre tu persona que pueden identificarte directa o indirectamente, tal y como se describe a continuaci\u00f3n:<\/p>\n<p>Informaci\u00f3n de contacto personal: con ello nos referimos a cualquier informaci\u00f3n que nos facilites para ponernos en contacto contigo como pueden ser tu nombre, direcci\u00f3n postal, direcci\u00f3n de correo electr\u00f3nico o tu n\u00famero de tel\u00e9fono.<\/p>\n<p>Informaci\u00f3n de registro de la cuenta: esto es cualquier tipo de informaci\u00f3n que se requiera para la entrada en tu cuenta de usuario, como tu correo electr\u00f3nico o contrase\u00f1a guardada de forma encriptada e irrecuperable.<\/p>\n<p>Informaci\u00f3n demogr\u00e1fica o de conducta: informaci\u00f3n que describe tus caracter\u00edsticas demogr\u00e1ficas o de conducta.<\/p>\n<p>Informaci\u00f3n t\u00e9cnica sobre dispositivos inform\u00e1ticos\/m\u00f3viles: informaci\u00f3n sobre el sistema inform\u00e1tico u otro dispositivo tecnol\u00f3gico que utilice para acceder a nuestro sitio web tales como la direcci\u00f3n de protocolo de Internet (IP) utilizada para conectar tu ordenador o dispositivo a Internet, el tipo de sistema operativo y el tipo y la versi\u00f3n del navegador web.<\/p>\n<p>Sitios web\/informaci\u00f3n usual sobre comunicaciones: Mientras navegues e interact\u00faes con nuestro sitio web, podemos usar tecnolog\u00edas de recogida de datos autom\u00e1ticas para recoger determinada informaci\u00f3n sobre tus acciones. Esto incluye informaci\u00f3n como los v\u00ednculos en los que haces clic, las p\u00e1ginas o contenidos que visualizas y durante cu\u00e1nto tiempo y otra informaci\u00f3n y estad\u00edsticas similares sobre tus interacciones, como los tiempos de respuesta del contenido, errores de descarga y duraci\u00f3n de las visitas a determinadas p\u00e1ginas. Esta informaci\u00f3n se captura utilizando tecnolog\u00edas automatizadas como cookies y tambi\u00e9n se recoge mediante el uso de servicios de seguimiento de terceros (como Google Analytics).<\/p>\n<p>La aceptaci\u00f3n al tratamiento de tus datos personales tiene siempre car\u00e1cter revocable si bien, en determinados casos, en caso de oponerte y no autorizar el tratamiento de tus datos personales, no podremos prestarte determinadas funcionalidades o servicios.<\/p>\n<h4>\u00bfCon qu\u00e9 finalidad\/es recopilamos sus datos?<\/h4>\n<p>Podemos tratar tus datos para diferentes finalidades. Utilizamos tus datos, por ejemplo, cu\u00e1ndo:<\/p>\n<p>Se registre en nuestra web<br \/>Realice una compra online<br \/>Contacte con nuestro Servicio de Atenci\u00f3n al Cliente<br \/>Presente una reclamaci\u00f3n, sugerencia o queja<\/p>\n<h4>\u00bfA qu\u00e9 destinatarios se comunicar\u00e1n sus datos?<\/h4>\n<p>Con el objetivo de obtener la plena satisfacci\u00f3n de nuestros clientes te informamos que todos los datos que nos has proporcionado y los que nos facilites ser\u00e1n tratados con la m\u00e1xima confidencialidad. Tus datos podr\u00e1n ser comunicados a terceros de confianza con el fin de proveerte un mejor servicio.<\/p>\n<p>Estos terceros pueden ser:<\/p>\n<p>Terceros que nos ayudan a proporcionar servicios tecnol\u00f3gicos, como proveedores de plataforma, servicios de alojamiento, mantenimiento y soporte en nuestras bases de datos, as\u00ed como en nuestro software y aplicaciones que pueden contener datos sobre ti.<\/p>\n<p>Terceros que nos ayudan a proporcionar servicios digitales y de comercio electr\u00f3nico como, an\u00e1lisis web y motor de b\u00fasqueda.<\/p>\n<p>En caso de utilizar empresas no pertenecientes al Espacio Econ\u00f3mico Europeo (EEE), solo utilizaremos empresas que ofrezcan suficiente protecci\u00f3n de acuerdo con la legislaci\u00f3n europea, tales como, por ejemplo, proveedores ubicados en USA que se hayan adherido a \u201cPrivacy Shield\u201d. No cedemos tus datos a terceros salvo nos hayas autorizado o estemos obligados por Ley.<\/p>\n<h4>\u00bfDurante cu\u00e1nto tiempo conservamos sus datos personales?<\/h4>\n<p>Los datos personales ser\u00e1n conservados mientras el usuario no manifieste lo contrario y por los plazos de conservaci\u00f3n legalmente establecidos, salvo que por motivos l\u00f3gicos y evidentes hayan perdido la utilidad o la finalidad leg\u00edtima para la que fueron captados.<\/p>\n<h4>\u00bfCu\u00e1les son los derechos de los usuarios que nos facilitan sus datos?<\/h4>\n<p>Los usuarios podr\u00e1n ejercitar, respecto de los datos recabados en la forma descrita en el punto primero, los derechos reconocidos en el Reglamento General de Protecci\u00f3n de Datos, y en particular los derechos de portabilidad, acceso, rectificaci\u00f3n, supresi\u00f3n y limitaci\u00f3n al tratamiento.<\/p>\n<p>Los derechos referidos en el p\u00e1rrafo precedente podr\u00e1n ejercitarse por cada usuario mediante solicitud por correo electr\u00f3nico a la direcci\u00f3n info@fontanero24h-odonnell.com. Asimismo, se hace saber a los usuarios que pueden retirar el consentimiento para el tratamiento de sus datos en cualquier momento.<\/p>\n<h4>Comunicaci\u00f3n de incidencia e irregularidades<\/h4>\n<p>En caso de existir alguna conducta o situaci\u00f3n que pudiera ser susceptible de generar una incidencia o irregularidad de cualquier clase, contacta con info@fontanero24h-odonnell.com.<\/p>\n<h4>Contacto<\/h4>\n<p>Si tiene cualquier duda o preocupaci\u00f3n acerca de la forma en que tratamos y usamos tus datos personales o deseas contactar con nuestro Delegado de Protecci\u00f3n de Datos escr\u00edbenos a la siguiente direcci\u00f3n info@fontanero24h-odonnell.com.<\/p>\n<h4>Compromiso del usuario<\/h4>\n<p>El usuario es el responsable de la autenticidad de los datos aportados, que sean exactos, actuales y completos para la finalidad que sean aportados, asumiendo la responsabilidad de los da\u00f1os y perjuicios, tanto por lucro cesante como por da\u00f1o emergente, que se pudieran generar por dichas inexactitudes o falsedades. En todo caso, si los datos aportados en los correspondientes formularios fueran titular de un tercero, el usuario se hace \u00fanico responsable de la correcta captaci\u00f3n del consentimiento e informaci\u00f3n al tercero sobre los aspectos reflejados en el presente aviso legal y pol\u00edticas de privacidad.<\/p>\n<h4>Seguridad<\/h4>\n<p>Nos comprometemos a proteger sus datos personales. Exigimos contractualmente que los terceros de confianza que tratan sus datos tambi\u00e9n lo hagan.<\/p>\n<h4>Responsabilidad de los usuarios por uso y contenido<\/h4>\n<p>Tanto el acceso a nuestra web, como el uso que pueda realizarse de la informaci\u00f3n y contenidos incluidos en la misma, ser\u00e1n de exclusiva responsabilidad de quien lo realice. Por tanto, el uso que pueda hacerse de la informaci\u00f3n, im\u00e1genes, contenidos y\/o productos rese\u00f1ados y accesibles a trav\u00e9s del mismo, estar\u00e1 supeditada a la legalidad, sea nacional o internacional, aplicable, as\u00ed como a los principios de buena fe y uso l\u00edcito por parte de los usuarios, quienes ser\u00e1n enteramente responsables de dicho acceso y correcto uso. Los usuarios estar\u00e1n obligados a hacer un uso razonable de los servicios o contenidos, bajo el principio de buena fe y con respeto a la legalidad vigente, a la moral, al orden p\u00fablico, a las buenas costumbres, a los derechos de terceros o de la propia empresa, todo ello seg\u00fan las posibilidades y fines para los que est\u00e1n concebidos.<\/p>\n<p><a href=\"https:\/\/fontanero24h-odonnell.com\">https:\/\/fontanero24h-odonnell.com<\/a>\u00a0no asume responsabilidades, ya sean directas o indirectas, por da\u00f1o emergente o lucro cesante, derivadas del mal uso de los servicios o contenidos realizado por los Usuarios o terceros. Informaci\u00f3n LSSI-CE<\/p>\n<p>En cumplimiento del deber de informaci\u00f3n contemplado en el art\u00edculo 10 de la vigente Ley 34\/2002, de 11 de julio, de Servicios de la Sociedad de la Informaci\u00f3n y de Comercio Electr\u00f3nico, le comunicamos que la dinamizadora y gestora de contenidos de la Web donde puede descargar diferentes aplicaciones y\/o informaciones <a href=\"https:\/\/fontanero24h-odonnell.com\">https:\/\/fontanero24h-odonnell.com<\/a>, con domicilio social en Calle O\u2019Donnell 12, 28009 Madrid y con la gesti\u00f3n de este dominio de Internet inscrito en el registro correspondiente, atendiendo a comunicaciones de los usuarios y\/o interesados a trav\u00e9s del correo info@fontanero24h-odonnell.com.<\/p>\n<p>Cualquier otra actividad comercial, mercantil, administrativa o de contrataci\u00f3n de bienes y\/o servicios es responsabilidad de la sociedad mencionada anteriormente, propietaria de este dominio.<\/p>\n<h4>Informaci\u00f3n sobre las cookies<\/h4>\n<p>Le informamos que utilizamos cookies con el fin de mejorar la experiencia de navegaci\u00f3n en nuestra web y prestarle un mejor servicio. Para obtener m\u00e1s informaci\u00f3n acerca de las cookies y de c\u00f3mo las utilizamos, por favor lea nuestra pol\u00edtica de cookies.<\/p>\n<p>Informaci\u00f3n sobre el uso de otras webs y redes sociales<\/p>\n<p>La empresa s\u00f3lo se hace responsable de los contenidos y de la gesti\u00f3n de las p\u00e1ginas web de la cual sea ella el titular u ostente un derecho de an\u00e1loga naturaleza. Cualquier otra p\u00e1gina web o red social o repositorio de informaci\u00f3n en Internet, fuera de la presente web, es responsabilidad de sus leg\u00edtimos titulares.<\/p>\n<p>Fontanero 24h O&#8217;donnell colabora de forma ordinaria con diferentes aplicaciones y entornos Web, y siempre recomienda a todos los usuarios que antes de acceder a dichos entornos web lean atentamente los correspondientes avisos legales y pol\u00edticas de privacidad, y que s\u00f3lo accedan a los mismos una vez hayan comprendido y aceptado en su totalidad dicho texto legal.<\/p>\n<h4>Cambios en la pol\u00edtica de privacidad<\/h4>\n<p><a href=\"https:\/\/fontanero24h-odonnell.com\">https:\/\/fontanero24h-odonnell.com<\/a> se reserva el derecho a cambiar esta pol\u00edtica en cualquier momento. Por favor, revisa la Pol\u00edtica de Privacidad con regularidad. Fontanero 24h O&#8217;donnell adoptar\u00e1 medidas razonables para notificarte cualquier cambio sustancial en nuestras pr\u00e1cticas de privacidad en relaci\u00f3n con el uso de la informaci\u00f3n que hayas suministrado a <a href=\"https:\/\/fontanero24h-odonnell.com\">https:\/\/fontanero24h-odonnell.com<\/a><\/p>\n<h4>Ley Aplicable y Jurisdicci\u00f3n<\/h4>\n<p>Para la resoluci\u00f3n de todas las controversias o cuestiones relacionadas con el presente sitio web o de las actividades en \u00e9l desarrolladas, ser\u00e1 de aplicaci\u00f3n la legislaci\u00f3n espa\u00f1ola, a la que se someten expresamente las partes, siendo competentes para la resoluci\u00f3n de todos los conflictos derivados o relacionados con su uso los Juzgados y Tribunales de Salamanca.<\/p>\t\t\t\t\t\t<\/div>\n\t\t\t\t<\/div>\n\t\t\t\t\t<\/div>\n\t\t\t\t<\/div>\n\t\t\t\t<\/div>\n\t\t","protected":false},"excerpt":{"rendered":"<p>Antes de utilizar nuestros servicios o funcionalidades es importante que leas esta Pol\u00edtica as\u00ed como las condiciones espec\u00edficas que regulan cada servicio o funcionalidad. Objeto de la pol\u00edtica de privacidad La presente Pol\u00edtica de privacidad de https:\/\/fontanero24h-odonnell.com regula la obtenci\u00f3n, utilizaci\u00f3n y otras formas de procesamiento de datos personales facilitados u obtenidos con la autorizaci\u00f3n [&hellip;]<\/p>\n","protected":false},"author":1,"featured_media":0,"parent":0,"menu_order":0,"comment_status":"closed","ping_status":"closed","template":"","meta":{"footnotes":""},"class_list":["post-434","page","type-page","status-publish","hentry"],"yoast_head":"<!-- This site is optimized with the Yoast SEO plugin v23.7 - https:\/\/yoast.com\/wordpress\/plugins\/seo\/ -->\n<title>Pol\u00edticas de privacidad - Fontanero O&#039;Donnell<\/title>\n<meta name=\"robots\" content=\"noindex, nofollow\" \/>\n<meta property=\"og:locale\" content=\"es_ES\" \/>\n<meta property=\"og:type\" content=\"article\" \/>\n<meta property=\"og:title\" content=\"Pol\u00edticas de privacidad - Fontanero O&#039;Donnell\" \/>\n<meta property=\"og:description\" content=\"Antes de utilizar nuestros servicios o funcionalidades es importante que leas esta Pol\u00edtica as\u00ed como las condiciones espec\u00edficas que regulan cada servicio o funcionalidad. Objeto de la pol\u00edtica de privacidad La presente Pol\u00edtica de privacidad de https:\/\/fontanero24h-odonnell.com regula la obtenci\u00f3n, utilizaci\u00f3n y otras formas de procesamiento de datos personales facilitados u obtenidos con la autorizaci\u00f3n [&hellip;]\" \/>\n<meta property=\"og:url\" content=\"https:\/\/fontanero24h-odonnell.com\/index.php\/politicas-de-privacidad\/\" \/>\n<meta property=\"og:site_name\" content=\"Fontanero O&#039;Donnell\" \/>\n<meta property=\"article:modified_time\" content=\"2024-10-28T07:18:52+00:00\" \/>\n<meta name=\"twitter:card\" content=\"summary_large_image\" \/>\n<meta name=\"twitter:label1\" content=\"Tiempo de lectura\" \/>\n\t<meta name=\"twitter:data1\" content=\"9 minutos\" \/>\n<script type=\"application\/ld+json\" class=\"yoast-schema-graph\">{\"@context\":\"https:\/\/schema.org\",\"@graph\":[{\"@type\":\"WebPage\",\"@id\":\"https:\/\/fontanero24h-odonnell.com\/index.php\/politicas-de-privacidad\/\",\"url\":\"https:\/\/fontanero24h-odonnell.com\/index.php\/politicas-de-privacidad\/\",\"name\":\"Pol\u00edticas de privacidad - Fontanero O&#039;Donnell\",\"isPartOf\":{\"@id\":\"https:\/\/fontanero24h-odonnell.com\/#website\"},\"datePublished\":\"2024-10-28T06:56:57+00:00\",\"dateModified\":\"2024-10-28T07:18:52+00:00\",\"breadcrumb\":{\"@id\":\"https:\/\/fontanero24h-odonnell.com\/index.php\/politicas-de-privacidad\/#breadcrumb\"},\"inLanguage\":\"es\",\"potentialAction\":[{\"@type\":\"ReadAction\",\"target\":[\"https:\/\/fontanero24h-odonnell.com\/index.php\/politicas-de-privacidad\/\"]}]},{\"@type\":\"BreadcrumbList\",\"@id\":\"https:\/\/fontanero24h-odonnell.com\/index.php\/politicas-de-privacidad\/#breadcrumb\",\"itemListElement\":[{\"@type\":\"ListItem\",\"position\":1,\"name\":\"Portada\",\"item\":\"https:\/\/fontanero24h-odonnell.com\/\"},{\"@type\":\"ListItem\",\"position\":2,\"name\":\"Pol\u00edticas de privacidad\"}]},{\"@type\":\"WebSite\",\"@id\":\"https:\/\/fontanero24h-odonnell.com\/#website\",\"url\":\"https:\/\/fontanero24h-odonnell.com\/\",\"name\":\"Fontanero O&#039;Donnell\",\"description\":\"\",\"publisher\":{\"@id\":\"https:\/\/fontanero24h-odonnell.com\/#organization\"},\"potentialAction\":[{\"@type\":\"SearchAction\",\"target\":{\"@type\":\"EntryPoint\",\"urlTemplate\":\"https:\/\/fontanero24h-odonnell.com\/?s={search_term_string}\"},\"query-input\":{\"@type\":\"PropertyValueSpecification\",\"valueRequired\":true,\"valueName\":\"search_term_string\"}}],\"inLanguage\":\"es\"},{\"@type\":\"Organization\",\"@id\":\"https:\/\/fontanero24h-odonnell.com\/#organization\",\"name\":\"Fontanero O&#039;Donnell\",\"url\":\"https:\/\/fontanero24h-odonnell.com\/\",\"logo\":{\"@type\":\"ImageObject\",\"inLanguage\":\"es\",\"@id\":\"https:\/\/fontanero24h-odonnell.com\/#\/schema\/logo\/image\/\",\"url\":\"https:\/\/fontanero24h-odonnell.com\/wp-content\/uploads\/2024\/10\/cropped-fontanero24h-odonnell.png\",\"contentUrl\":\"https:\/\/fontanero24h-odonnell.com\/wp-content\/uploads\/2024\/10\/cropped-fontanero24h-odonnell.png\",\"width\":500,\"height\":172,\"caption\":\"Fontanero O&#039;Donnell\"},\"image\":{\"@id\":\"https:\/\/fontanero24h-odonnell.com\/#\/schema\/logo\/image\/\"}}]}<\/script>\n<!-- \/ Yoast SEO plugin. -->","yoast_head_json":{"title":"Pol\u00edticas de privacidad - Fontanero O&#039;Donnell","robots":{"index":"noindex","follow":"nofollow"},"og_locale":"es_ES","og_type":"article","og_title":"Pol\u00edticas de privacidad - Fontanero O&#039;Donnell","og_description":"Antes de utilizar nuestros servicios o funcionalidades es importante que leas esta Pol\u00edtica as\u00ed como las condiciones espec\u00edficas que regulan cada servicio o funcionalidad. Objeto de la pol\u00edtica de privacidad La presente Pol\u00edtica de privacidad de https:\/\/fontanero24h-odonnell.com regula la obtenci\u00f3n, utilizaci\u00f3n y otras formas de procesamiento de datos personales facilitados u obtenidos con la autorizaci\u00f3n [&hellip;]","og_url":"https:\/\/fontanero24h-odonnell.com\/index.php\/politicas-de-privacidad\/","og_site_name":"Fontanero O&#039;Donnell","article_modified_time":"2024-10-28T07:18:52+00:00","twitter_card":"summary_large_image","twitter_misc":{"Tiempo de lectura":"9 minutos"},"schema":{"@context":"https:\/\/schema.org","@graph":[{"@type":"WebPage","@id":"https:\/\/fontanero24h-odonnell.com\/index.php\/politicas-de-privacidad\/","url":"https:\/\/fontanero24h-odonnell.com\/index.php\/politicas-de-privacidad\/","name":"Pol\u00edticas de privacidad - Fontanero O&#039;Donnell","isPartOf":{"@id":"https:\/\/fontanero24h-odonnell.com\/#website"},"datePublished":"2024-10-28T06:56:57+00:00","dateModified":"2024-10-28T07:18:52+00:00","breadcrumb":{"@id":"https:\/\/fontanero24h-odonnell.com\/index.php\/politicas-de-privacidad\/#breadcrumb"},"inLanguage":"es","potentialAction":[{"@type":"ReadAction","target":["https:\/\/fontanero24h-odonnell.com\/index.php\/politicas-de-privacidad\/"]}]},{"@type":"BreadcrumbList","@id":"https:\/\/fontanero24h-odonnell.com\/index.php\/politicas-de-privacidad\/#breadcrumb","itemListElement":[{"@type":"ListItem","position":1,"name":"Portada","item":"https:\/\/fontanero24h-odonnell.com\/"},{"@type":"ListItem","position":2,"name":"Pol\u00edticas de privacidad"}]},{"@type":"WebSite","@id":"https:\/\/fontanero24h-odonnell.com\/#website","url":"https:\/\/fontanero24h-odonnell.com\/","name":"Fontanero O&#039;Donnell","description":"","publisher":{"@id":"https:\/\/fontanero24h-odonnell.com\/#organization"},"potentialAction":[{"@type":"SearchAction","target":{"@type":"EntryPoint","urlTemplate":"https:\/\/fontanero24h-odonnell.com\/?s={search_term_string}"},"query-input":{"@type":"PropertyValueSpecification","valueRequired":true,"valueName":"search_term_string"}}],"inLanguage":"es"},{"@type":"Organization","@id":"https:\/\/fontanero24h-odonnell.com\/#organization","name":"Fontanero O&#039;Donnell","url":"https:\/\/fontanero24h-odonnell.com\/","logo":{"@type":"ImageObject","inLanguage":"es","@id":"https:\/\/fontanero24h-odonnell.com\/#\/schema\/logo\/image\/","url":"https:\/\/fontanero24h-odonnell.com\/wp-content\/uploads\/2024\/10\/cropped-fontanero24h-odonnell.png","contentUrl":"https:\/\/fontanero24h-odonnell.com\/wp-content\/uploads\/2024\/10\/cropped-fontanero24h-odonnell.png","width":500,"height":172,"caption":"Fontanero O&#039;Donnell"},"image":{"@id":"https:\/\/fontanero24h-odonnell.com\/#\/schema\/logo\/image\/"}}]}},"_links":{"self":[{"href":"https:\/\/fontanero24h-odonnell.com\/index.php\/wp-json\/wp\/v2\/pages\/434","targetHints":{"allow":["GET"]}}],"collection":[{"href":"https:\/\/fontanero24h-odonnell.com\/index.php\/wp-json\/wp\/v2\/pages"}],"about":[{"href":"https:\/\/fontanero24h-odonnell.com\/index.php\/wp-json\/wp\/v2\/types\/page"}],"author":[{"embeddable":true,"href":"https:\/\/fontanero24h-odonnell.com\/index.php\/wp-json\/wp\/v2\/users\/1"}],"replies":[{"embeddable":true,"href":"https:\/\/fontanero24h-odonnell.com\/index.php\/wp-json\/wp\/v2\/comments?post=434"}],"version-history":[{"count":10,"href":"https:\/\/fontanero24h-odonnell.com\/index.php\/wp-json\/wp\/v2\/pages\/434\/revisions"}],"predecessor-version":[{"id":463,"href":"https:\/\/fontanero24h-odonnell.com\/index.php\/wp-json\/wp\/v2\/pages\/434\/revisions\/463"}],"wp:attachment":[{"href":"https:\/\/fontanero24h-odonnell.com\/index.php\/wp-json\/wp\/v2\/media?parent=434"}],"curies":[{"name":"wp","href":"https:\/\/api.w.org\/{rel}","templated":true}]}}