{"id":206,"date":"2024-10-27T22:36:10","date_gmt":"2024-10-27T22:36:10","guid":{"rendered":"https:\/\/fontanero24h-odonnell.com\/?page_id=206"},"modified":"2025-10-01T11:49:31","modified_gmt":"2025-10-01T11:49:31","slug":"contacto","status":"publish","type":"page","link":"https:\/\/fontanero24h-odonnell.com\/index.php\/contacto\/","title":{"rendered":"Contacto"},"content":{"rendered":"\t\t<div data-elementor-type=\"wp-page\" data-elementor-id=\"206\" class=\"elementor elementor-206\" data-elementor-post-type=\"page\">\n\t\t\t\t\t\t<section class=\"elementor-section elementor-top-section elementor-element elementor-element-4cfa3ae4 elementor-section-height-min-height elementor-section-content-middle elementor-section-boxed elementor-section-height-default elementor-section-items-middle\" data-id=\"4cfa3ae4\" data-element_type=\"section\" data-settings=\"{&quot;background_background&quot;:&quot;classic&quot;}\">\n\t\t\t\t\t\t\t<div class=\"elementor-background-overlay\"><\/div>\n\t\t\t\t\t\t\t<div class=\"elementor-container elementor-column-gap-no\">\n\t\t\t\t\t<div class=\"elementor-column elementor-col-100 elementor-top-column elementor-element elementor-element-553bb7b9\" data-id=\"553bb7b9\" data-element_type=\"column\" data-settings=\"{&quot;background_background&quot;:&quot;classic&quot;}\">\n\t\t\t<div class=\"elementor-widget-wrap elementor-element-populated\">\n\t\t\t\t\t\t<div class=\"elementor-element elementor-element-7fc56999 elementor-widget elementor-widget-heading\" data-id=\"7fc56999\" data-element_type=\"widget\" data-widget_type=\"heading.default\">\n\t\t\t\t<div class=\"elementor-widget-container\">\n\t\t\t<h1 class=\"elementor-heading-title elementor-size-default\">Cont\u00e1ctanos<\/h1>\t\t<\/div>\n\t\t\t\t<\/div>\n\t\t\t\t\t<\/div>\n\t\t<\/div>\n\t\t\t\t\t<\/div>\n\t\t<\/section>\n\t\t\t\t<section class=\"elementor-section elementor-top-section elementor-element elementor-element-2463e591 elementor-section-boxed elementor-section-height-default elementor-section-height-default\" data-id=\"2463e591\" data-element_type=\"section\">\n\t\t\t\t\t\t<div class=\"elementor-container elementor-column-gap-no\">\n\t\t\t\t\t<div class=\"elementor-column elementor-col-50 elementor-top-column elementor-element elementor-element-364e7c38\" data-id=\"364e7c38\" data-element_type=\"column\">\n\t\t\t<div class=\"elementor-widget-wrap elementor-element-populated\">\n\t\t\t\t\t\t<div class=\"elementor-element elementor-element-44b06736 elementor-widget__width-auto elementor-widget-divider--view-line elementor-widget elementor-widget-divider\" data-id=\"44b06736\" data-element_type=\"widget\" data-widget_type=\"divider.default\">\n\t\t\t\t<div class=\"elementor-widget-container\">\n\t\t\t\t\t<div class=\"elementor-divider\">\n\t\t\t<span class=\"elementor-divider-separator\">\n\t\t\t\t\t\t<\/span>\n\t\t<\/div>\n\t\t\t\t<\/div>\n\t\t\t\t<\/div>\n\t\t\t\t<div class=\"elementor-element elementor-element-1f88aebc elementor-widget__width-auto elementor-widget elementor-widget-heading\" data-id=\"1f88aebc\" data-element_type=\"widget\" data-widget_type=\"heading.default\">\n\t\t\t\t<div class=\"elementor-widget-container\">\n\t\t\t<h6 class=\"elementor-heading-title elementor-size-default\">Fontaneros 24h O'donnell<\/h6>\t\t<\/div>\n\t\t\t\t<\/div>\n\t\t\t\t<div class=\"elementor-element elementor-element-6a9784b0 elementor-widget elementor-widget-heading\" data-id=\"6a9784b0\" data-element_type=\"widget\" data-widget_type=\"heading.default\">\n\t\t\t\t<div class=\"elementor-widget-container\">\n\t\t\t<h3 class=\"elementor-heading-title elementor-size-default\">Env\u00edanos un Mensaje<\/h3>\t\t<\/div>\n\t\t\t\t<\/div>\n\t\t\t\t<div class=\"elementor-element elementor-element-109ea62d elementor-widget elementor-widget-text-editor\" data-id=\"109ea62d\" data-element_type=\"widget\" data-widget_type=\"text-editor.default\">\n\t\t\t\t<div class=\"elementor-widget-container\">\n\t\t\t\t\t\t\t<p>\u00bfNecesitas ayuda de un fontanero en O&#8217;Donnell, Madrid? Estamos aqu\u00ed para ayudarte con cualquier necesidad de fontaner\u00eda, ya sea una consulta, una emergencia o una solicitud de presupuesto. Completa el formulario o comun\u00edcate con nosotros a trav\u00e9s de nuestros datos de contacto. \u00a1Estaremos encantados de atenderte!<\/p>\t\t\t\t\t\t<\/div>\n\t\t\t\t<\/div>\n\t\t\t\t<div class=\"elementor-element elementor-element-bd6224f elementor-button-align-stretch elementor-widget elementor-widget-form\" data-id=\"bd6224f\" data-element_type=\"widget\" data-settings=\"{&quot;step_next_label&quot;:&quot;Next&quot;,&quot;step_previous_label&quot;:&quot;Previous&quot;,&quot;button_width&quot;:&quot;50&quot;,&quot;step_type&quot;:&quot;number_text&quot;,&quot;step_icon_shape&quot;:&quot;circle&quot;}\" data-widget_type=\"form.default\">\n\t\t\t\t<div class=\"elementor-widget-container\">\n\t\t\t\t\t<form class=\"elementor-form\" method=\"post\" name=\"New Form\">\n\t\t\t<input type=\"hidden\" name=\"post_id\" value=\"206\"\/>\n\t\t\t<input type=\"hidden\" name=\"form_id\" value=\"bd6224f\"\/>\n\t\t\t<input type=\"hidden\" name=\"referer_title\" value=\"Contacto - Fontanero O&#039;Donnell\" \/>\n\n\t\t\t\t\t\t\t<input type=\"hidden\" name=\"queried_id\" value=\"206\"\/>\n\t\t\t\n\t\t\t<div class=\"elementor-form-fields-wrapper elementor-labels-\">\n\t\t\t\t\t\t\t\t<div class=\"elementor-field-type-text elementor-field-group elementor-column elementor-field-group-name elementor-col-100\">\n\t\t\t\t\t\t\t\t\t\t\t\t<label for=\"form-field-name\" class=\"elementor-field-label elementor-screen-only\">\n\t\t\t\t\t\t\t\tNombre\t\t\t\t\t\t\t<\/label>\n\t\t\t\t\t\t\t\t\t\t\t\t\t\t<input size=\"1\" type=\"text\" name=\"form_fields[name]\" id=\"form-field-name\" class=\"elementor-field elementor-size-sm  elementor-field-textual\" placeholder=\"Nombre\">\n\t\t\t\t\t\t\t\t\t\t\t<\/div>\n\t\t\t\t\t\t\t\t<div class=\"elementor-field-type-email elementor-field-group elementor-column elementor-field-group-email elementor-col-50 elementor-field-required\">\n\t\t\t\t\t\t\t\t\t\t\t\t<label for=\"form-field-email\" class=\"elementor-field-label elementor-screen-only\">\n\t\t\t\t\t\t\t\tEmail\t\t\t\t\t\t\t<\/label>\n\t\t\t\t\t\t\t\t\t\t\t\t\t\t<input size=\"1\" type=\"email\" name=\"form_fields[email]\" id=\"form-field-email\" class=\"elementor-field elementor-size-sm  elementor-field-textual\" placeholder=\"Email\" required=\"required\" aria-required=\"true\">\n\t\t\t\t\t\t\t\t\t\t\t<\/div>\n\t\t\t\t\t\t\t\t<div class=\"elementor-field-type-number elementor-field-group elementor-column elementor-field-group-field_9a5bcc7 elementor-col-50 elementor-field-required\">\n\t\t\t\t\t\t\t\t\t\t\t\t<label for=\"form-field-field_9a5bcc7\" class=\"elementor-field-label elementor-screen-only\">\n\t\t\t\t\t\t\t\tTel\u00e9fono\t\t\t\t\t\t\t<\/label>\n\t\t\t\t\t\t\t\t\t<input type=\"number\" name=\"form_fields[field_9a5bcc7]\" id=\"form-field-field_9a5bcc7\" class=\"elementor-field elementor-size-sm  elementor-field-textual\" placeholder=\"Tel\u00e9fono\" required=\"required\" aria-required=\"true\" min=\"\" max=\"\" >\n\t\t\t\t\t\t<\/div>\n\t\t\t\t\t\t\t\t<div class=\"elementor-field-type-textarea elementor-field-group elementor-column elementor-field-group-message elementor-col-100\">\n\t\t\t\t\t\t\t\t\t\t\t\t<label for=\"form-field-message\" class=\"elementor-field-label elementor-screen-only\">\n\t\t\t\t\t\t\t\tMensaje\t\t\t\t\t\t\t<\/label>\n\t\t\t\t\t\t<textarea class=\"elementor-field-textual elementor-field  elementor-size-sm\" name=\"form_fields[message]\" id=\"form-field-message\" rows=\"6\" placeholder=\"Mensaje\"><\/textarea>\t\t\t\t<\/div>\n\t\t\t\t\t\t\t\t<div class=\"elementor-field-group elementor-column elementor-field-type-submit elementor-col-50 e-form__buttons\">\n\t\t\t\t\t<button class=\"elementor-button elementor-size-sm\" type=\"submit\">\n\t\t\t\t\t\t<span class=\"elementor-button-content-wrapper\">\n\t\t\t\t\t\t\t\t\t\t\t\t\t\t\t\t\t\t\t\t\t\t<span class=\"elementor-button-text\">Enviar<\/span>\n\t\t\t\t\t\t\t\t\t\t\t\t\t<\/span>\n\t\t\t\t\t<\/button>\n\t\t\t\t<\/div>\n\t\t\t<\/div>\n\t\t<\/form>\n\t\t\t\t<\/div>\n\t\t\t\t<\/div>\n\t\t\t\t\t<\/div>\n\t\t<\/div>\n\t\t\t\t<div class=\"elementor-column elementor-col-50 elementor-top-column elementor-element elementor-element-17aa492a\" data-id=\"17aa492a\" data-element_type=\"column\" data-settings=\"{&quot;background_background&quot;:&quot;classic&quot;}\">\n\t\t\t<div class=\"elementor-widget-wrap elementor-element-populated\">\n\t\t\t\t\t\t<div class=\"elementor-element elementor-element-7500bb73 elementor-widget elementor-widget-elementskit-heading\" data-id=\"7500bb73\" data-element_type=\"widget\" data-widget_type=\"elementskit-heading.default\">\n\t\t\t\t<div class=\"elementor-widget-container\">\n\t\t\t<div class=\"ekit-wid-con\" ><div class=\"ekit-heading elementskit-section-title-wraper text_left   ekit_heading_tablet-   ekit_heading_mobile-\"><h2 class=\"ekit-heading--title elementskit-section-title \">\u00a1Cont\u00e1ctanos!<\/h2>\t\t\t\t<div class='ekit-heading__description'>\n\t\t\t\t\t<p>Si tienes preguntas o necesitas ayuda urgente, no dudes en comunicarte con nosotros. Nuestro equipo de fontaneros en O'Donnell est\u00e1 disponible para ayudarte con cualquier problema de fontaner\u00eda que tengas. Cont\u00e1ctanos por tel\u00e9fono o correo electr\u00f3nico, o completa el formulario y te responderemos lo antes posible.<\/p>\n\t\t\t\t<\/div>\n\t\t\t<\/div><\/div>\t\t<\/div>\n\t\t\t\t<\/div>\n\t\t\t\t<div class=\"elementor-element elementor-element-d4e0250 elementor-widget__width-auto elementor-widget elementor-widget-button\" data-id=\"d4e0250\" data-element_type=\"widget\" data-widget_type=\"button.default\">\n\t\t\t\t<div class=\"elementor-widget-container\">\n\t\t\t\t\t<div class=\"elementor-button-wrapper\">\n\t\t\t<a class=\"elementor-button elementor-button-link elementor-size-sm\" href=\"tel:+34601895697\">\n\t\t\t\t\t\t<span class=\"elementor-button-content-wrapper\">\n\t\t\t\t\t\t\t\t\t<span class=\"elementor-button-text\">601 895 697<\/span>\n\t\t\t\t\t<\/span>\n\t\t\t\t\t<\/a>\n\t\t<\/div>\n\t\t\t\t<\/div>\n\t\t\t\t<\/div>\n\t\t\t\t\t<\/div>\n\t\t<\/div>\n\t\t\t\t\t<\/div>\n\t\t<\/section>\n\t\t\t\t<section class=\"elementor-section elementor-top-section elementor-element elementor-element-52774b52 elementor-section-full_width elementor-section-height-default elementor-section-height-default\" data-id=\"52774b52\" data-element_type=\"section\">\n\t\t\t\t\t\t<div class=\"elementor-container elementor-column-gap-no\">\n\t\t\t\t\t<div class=\"elementor-column elementor-col-100 elementor-top-column elementor-element elementor-element-15b8cd35\" data-id=\"15b8cd35\" data-element_type=\"column\">\n\t\t\t<div class=\"elementor-widget-wrap elementor-element-populated\">\n\t\t\t\t\t\t<div class=\"elementor-element elementor-element-282fb912 elementor-widget elementor-widget-google_maps\" data-id=\"282fb912\" data-element_type=\"widget\" data-widget_type=\"google_maps.default\">\n\t\t\t\t<div class=\"elementor-widget-container\">\n\t\t\t\t\t<div class=\"elementor-custom-embed\">\n\t\t\t<iframe loading=\"lazy\"\n\t\t\t\t\tsrc=\"https:\/\/maps.google.com\/maps?q=Calle%20O%E2%80%99Donnell%2012%2C%2028009%20Madrid.&#038;t=m&#038;z=10&#038;output=embed&#038;iwloc=near\"\n\t\t\t\t\ttitle=\"Calle O\u2019Donnell 12, 28009 Madrid.\"\n\t\t\t\t\taria-label=\"Calle O\u2019Donnell 12, 28009 Madrid.\"\n\t\t\t><\/iframe>\n\t\t<\/div>\n\t\t\t\t<\/div>\n\t\t\t\t<\/div>\n\t\t\t\t\t<\/div>\n\t\t<\/div>\n\t\t\t\t\t<\/div>\n\t\t<\/section>\n\t\t\t\t<\/div>\n\t\t","protected":false},"excerpt":{"rendered":"<p>Cont\u00e1ctanos Fontaneros 24h O&#8217;donnell Env\u00edanos un Mensaje \u00bfNecesitas ayuda de un fontanero en O&#8217;Donnell, Madrid? Estamos aqu\u00ed para ayudarte con cualquier necesidad de fontaner\u00eda, ya sea una consulta, una emergencia o una solicitud de presupuesto. Completa el formulario o comun\u00edcate con nosotros a trav\u00e9s de nuestros datos de contacto. \u00a1Estaremos encantados de atenderte! \u00a1Cont\u00e1ctanos! Si [&hellip;]<\/p>\n","protected":false},"author":1,"featured_media":0,"parent":0,"menu_order":0,"comment_status":"closed","ping_status":"closed","template":"","meta":{"footnotes":""},"class_list":["post-206","page","type-page","status-publish","hentry"],"yoast_head":"<!-- This site is optimized with the Yoast SEO plugin v23.7 - https:\/\/yoast.com\/wordpress\/plugins\/seo\/ -->\n<title>Contacto - Fontanero O&#039;Donnell<\/title>\n<meta name=\"robots\" content=\"index, follow, max-snippet:-1, max-image-preview:large, max-video-preview:-1\" \/>\n<link rel=\"canonical\" href=\"https:\/\/fontanero24h-odonnell.com\/index.php\/contacto\/\" \/>\n<meta property=\"og:locale\" content=\"es_ES\" \/>\n<meta property=\"og:type\" content=\"article\" \/>\n<meta property=\"og:title\" content=\"Contacto - Fontanero O&#039;Donnell\" \/>\n<meta property=\"og:description\" content=\"Cont\u00e1ctanos Fontaneros 24h O&#8217;donnell Env\u00edanos un Mensaje \u00bfNecesitas ayuda de un fontanero en O&#8217;Donnell, Madrid? Estamos aqu\u00ed para ayudarte con cualquier necesidad de fontaner\u00eda, ya sea una consulta, una emergencia o una solicitud de presupuesto. Completa el formulario o comun\u00edcate con nosotros a trav\u00e9s de nuestros datos de contacto. \u00a1Estaremos encantados de atenderte! \u00a1Cont\u00e1ctanos! Si [&hellip;]\" \/>\n<meta property=\"og:url\" content=\"https:\/\/fontanero24h-odonnell.com\/index.php\/contacto\/\" \/>\n<meta property=\"og:site_name\" content=\"Fontanero O&#039;Donnell\" \/>\n<meta property=\"article:modified_time\" content=\"2025-10-01T11:49:31+00:00\" \/>\n<meta name=\"twitter:card\" content=\"summary_large_image\" \/>\n<meta name=\"twitter:label1\" content=\"Tiempo de lectura\" \/>\n\t<meta name=\"twitter:data1\" content=\"1 minuto\" \/>\n<script type=\"application\/ld+json\" class=\"yoast-schema-graph\">{\"@context\":\"https:\/\/schema.org\",\"@graph\":[{\"@type\":\"WebPage\",\"@id\":\"https:\/\/fontanero24h-odonnell.com\/index.php\/contacto\/\",\"url\":\"https:\/\/fontanero24h-odonnell.com\/index.php\/contacto\/\",\"name\":\"Contacto - Fontanero O&#039;Donnell\",\"isPartOf\":{\"@id\":\"https:\/\/fontanero24h-odonnell.com\/#website\"},\"datePublished\":\"2024-10-27T22:36:10+00:00\",\"dateModified\":\"2025-10-01T11:49:31+00:00\",\"breadcrumb\":{\"@id\":\"https:\/\/fontanero24h-odonnell.com\/index.php\/contacto\/#breadcrumb\"},\"inLanguage\":\"es\",\"potentialAction\":[{\"@type\":\"ReadAction\",\"target\":[\"https:\/\/fontanero24h-odonnell.com\/index.php\/contacto\/\"]}]},{\"@type\":\"BreadcrumbList\",\"@id\":\"https:\/\/fontanero24h-odonnell.com\/index.php\/contacto\/#breadcrumb\",\"itemListElement\":[{\"@type\":\"ListItem\",\"position\":1,\"name\":\"Portada\",\"item\":\"https:\/\/fontanero24h-odonnell.com\/\"},{\"@type\":\"ListItem\",\"position\":2,\"name\":\"Contacto\"}]},{\"@type\":\"WebSite\",\"@id\":\"https:\/\/fontanero24h-odonnell.com\/#website\",\"url\":\"https:\/\/fontanero24h-odonnell.com\/\",\"name\":\"Fontanero O&#039;Donnell\",\"description\":\"\",\"publisher\":{\"@id\":\"https:\/\/fontanero24h-odonnell.com\/#organization\"},\"potentialAction\":[{\"@type\":\"SearchAction\",\"target\":{\"@type\":\"EntryPoint\",\"urlTemplate\":\"https:\/\/fontanero24h-odonnell.com\/?s={search_term_string}\"},\"query-input\":{\"@type\":\"PropertyValueSpecification\",\"valueRequired\":true,\"valueName\":\"search_term_string\"}}],\"inLanguage\":\"es\"},{\"@type\":\"Organization\",\"@id\":\"https:\/\/fontanero24h-odonnell.com\/#organization\",\"name\":\"Fontanero O&#039;Donnell\",\"url\":\"https:\/\/fontanero24h-odonnell.com\/\",\"logo\":{\"@type\":\"ImageObject\",\"inLanguage\":\"es\",\"@id\":\"https:\/\/fontanero24h-odonnell.com\/#\/schema\/logo\/image\/\",\"url\":\"https:\/\/fontanero24h-odonnell.com\/wp-content\/uploads\/2024\/10\/cropped-fontanero24h-odonnell.png\",\"contentUrl\":\"https:\/\/fontanero24h-odonnell.com\/wp-content\/uploads\/2024\/10\/cropped-fontanero24h-odonnell.png\",\"width\":500,\"height\":172,\"caption\":\"Fontanero O&#039;Donnell\"},\"image\":{\"@id\":\"https:\/\/fontanero24h-odonnell.com\/#\/schema\/logo\/image\/\"}}]}<\/script>\n<!-- \/ Yoast SEO plugin. -->","yoast_head_json":{"title":"Contacto - Fontanero O&#039;Donnell","robots":{"index":"index","follow":"follow","max-snippet":"max-snippet:-1","max-image-preview":"max-image-preview:large","max-video-preview":"max-video-preview:-1"},"canonical":"https:\/\/fontanero24h-odonnell.com\/index.php\/contacto\/","og_locale":"es_ES","og_type":"article","og_title":"Contacto - Fontanero O&#039;Donnell","og_description":"Cont\u00e1ctanos Fontaneros 24h O&#8217;donnell Env\u00edanos un Mensaje \u00bfNecesitas ayuda de un fontanero en O&#8217;Donnell, Madrid? Estamos aqu\u00ed para ayudarte con cualquier necesidad de fontaner\u00eda, ya sea una consulta, una emergencia o una solicitud de presupuesto. Completa el formulario o comun\u00edcate con nosotros a trav\u00e9s de nuestros datos de contacto. \u00a1Estaremos encantados de atenderte! \u00a1Cont\u00e1ctanos! Si [&hellip;]","og_url":"https:\/\/fontanero24h-odonnell.com\/index.php\/contacto\/","og_site_name":"Fontanero O&#039;Donnell","article_modified_time":"2025-10-01T11:49:31+00:00","twitter_card":"summary_large_image","twitter_misc":{"Tiempo de lectura":"1 minuto"},"schema":{"@context":"https:\/\/schema.org","@graph":[{"@type":"WebPage","@id":"https:\/\/fontanero24h-odonnell.com\/index.php\/contacto\/","url":"https:\/\/fontanero24h-odonnell.com\/index.php\/contacto\/","name":"Contacto - Fontanero O&#039;Donnell","isPartOf":{"@id":"https:\/\/fontanero24h-odonnell.com\/#website"},"datePublished":"2024-10-27T22:36:10+00:00","dateModified":"2025-10-01T11:49:31+00:00","breadcrumb":{"@id":"https:\/\/fontanero24h-odonnell.com\/index.php\/contacto\/#breadcrumb"},"inLanguage":"es","potentialAction":[{"@type":"ReadAction","target":["https:\/\/fontanero24h-odonnell.com\/index.php\/contacto\/"]}]},{"@type":"BreadcrumbList","@id":"https:\/\/fontanero24h-odonnell.com\/index.php\/contacto\/#breadcrumb","itemListElement":[{"@type":"ListItem","position":1,"name":"Portada","item":"https:\/\/fontanero24h-odonnell.com\/"},{"@type":"ListItem","position":2,"name":"Contacto"}]},{"@type":"WebSite","@id":"https:\/\/fontanero24h-odonnell.com\/#website","url":"https:\/\/fontanero24h-odonnell.com\/","name":"Fontanero O&#039;Donnell","description":"","publisher":{"@id":"https:\/\/fontanero24h-odonnell.com\/#organization"},"potentialAction":[{"@type":"SearchAction","target":{"@type":"EntryPoint","urlTemplate":"https:\/\/fontanero24h-odonnell.com\/?s={search_term_string}"},"query-input":{"@type":"PropertyValueSpecification","valueRequired":true,"valueName":"search_term_string"}}],"inLanguage":"es"},{"@type":"Organization","@id":"https:\/\/fontanero24h-odonnell.com\/#organization","name":"Fontanero O&#039;Donnell","url":"https:\/\/fontanero24h-odonnell.com\/","logo":{"@type":"ImageObject","inLanguage":"es","@id":"https:\/\/fontanero24h-odonnell.com\/#\/schema\/logo\/image\/","url":"https:\/\/fontanero24h-odonnell.com\/wp-content\/uploads\/2024\/10\/cropped-fontanero24h-odonnell.png","contentUrl":"https:\/\/fontanero24h-odonnell.com\/wp-content\/uploads\/2024\/10\/cropped-fontanero24h-odonnell.png","width":500,"height":172,"caption":"Fontanero O&#039;Donnell"},"image":{"@id":"https:\/\/fontanero24h-odonnell.com\/#\/schema\/logo\/image\/"}}]}},"_links":{"self":[{"href":"https:\/\/fontanero24h-odonnell.com\/index.php\/wp-json\/wp\/v2\/pages\/206","targetHints":{"allow":["GET"]}}],"collection":[{"href":"https:\/\/fontanero24h-odonnell.com\/index.php\/wp-json\/wp\/v2\/pages"}],"about":[{"href":"https:\/\/fontanero24h-odonnell.com\/index.php\/wp-json\/wp\/v2\/types\/page"}],"author":[{"embeddable":true,"href":"https:\/\/fontanero24h-odonnell.com\/index.php\/wp-json\/wp\/v2\/users\/1"}],"replies":[{"embeddable":true,"href":"https:\/\/fontanero24h-odonnell.com\/index.php\/wp-json\/wp\/v2\/comments?post=206"}],"version-history":[{"count":22,"href":"https:\/\/fontanero24h-odonnell.com\/index.php\/wp-json\/wp\/v2\/pages\/206\/revisions"}],"predecessor-version":[{"id":619,"href":"https:\/\/fontanero24h-odonnell.com\/index.php\/wp-json\/wp\/v2\/pages\/206\/revisions\/619"}],"wp:attachment":[{"href":"https:\/\/fontanero24h-odonnell.com\/index.php\/wp-json\/wp\/v2\/media?parent=206"}],"curies":[{"name":"wp","href":"https:\/\/api.w.org\/{rel}","templated":true}]}}